{"id":25771,"date":"2024-02-09T07:08:44","date_gmt":"2024-02-09T07:08:44","guid":{"rendered":"https:\/\/www.nostravita.de\/sample-page\/"},"modified":"2026-01-19T10:28:10","modified_gmt":"2026-01-19T10:28:10","slug":"sample-page","status":"publish","type":"page","link":"https:\/\/www.nostravita.de\/it\/","title":{"rendered":"Winebar-v4"},"content":{"rendered":"\n<div class=\"wp-block-cover bloc1 overflow-hidden\" style=\"min-height:50vw;aspect-ratio:unset;\"><img loading=\"lazy\" decoding=\"async\" width=\"1920\" height=\"1200\" class=\"wp-block-cover__image-background wp-image-25209 size-full\" alt=\"\" src=\"https:\/\/www.nostravita.de\/wp-content\/uploads\/2025\/10\/Mit-der-Zeit-gehen.webp\" data-object-fit=\"cover\" srcset=\"https:\/\/www.nostravita.de\/wp-content\/uploads\/2025\/10\/Mit-der-Zeit-gehen.webp 1920w, https:\/\/www.nostravita.de\/wp-content\/uploads\/2025\/10\/Mit-der-Zeit-gehen-300x188.webp 300w, https:\/\/www.nostravita.de\/wp-content\/uploads\/2025\/10\/Mit-der-Zeit-gehen-1024x640.webp 1024w, https:\/\/www.nostravita.de\/wp-content\/uploads\/2025\/10\/Mit-der-Zeit-gehen-768x480.webp 768w, https:\/\/www.nostravita.de\/wp-content\/uploads\/2025\/10\/Mit-der-Zeit-gehen-1536x960.webp 1536w\" sizes=\"auto, (max-width: 1920px) 100vw, 1920px\"><span aria-hidden=\"true\" class=\"wp-block-cover__background has-background-dim-0 has-background-dim\" style=\"background-color:#2e2a27\"><\/span><div class=\"wp-block-cover__inner-container has-global-padding is-layout-constrained wp-block-cover-is-layout-constrained\">\n<p class=\"has-text-align-center petit-titre animated backInUp\">Rimanere al passo con i tempi<\/p>\n\n\n\n<h1 class=\"wp-block-heading has-text-align-center animated backInUp slow has-base-2-color has-text-color has-link-color wp-elements-28548afc62986fbb37c821c475486f04\" style=\"font-size:70px\">UN RIFLESSO DI UN MONDO IN CONTINUA EVOLUZIONE<\/h1>\n\n\n\n<div style=\"height:150px\" aria-hidden=\"true\" class=\"wp-block-spacer esp-slider\"><\/div>\n<\/div><\/div>\n\n\n\n<div class=\"wp-block-columns container bloc2 overflow-hidden is-layout-flex wp-container-core-columns-is-layout-28f84493 wp-block-columns-is-layout-flex\">\n<div class=\"wp-block-column animated slideInLeft slower is-layout-flow wp-block-column-is-layout-flow\">\n<h2 class=\"wp-block-heading has-text-color has-link-color wp-elements-5501a0537f95f6400db52e7b98735c90\" style=\"color:#2b2824;font-size:30px\">FONDAMENTI DI ECONOMIA E IMPRESE<\/h2>\n\n\n\n<p class=\"has-text-color has-link-color wp-elements-88289f543d2c2951ee763deaa123cf1b\" style=\"color:#c8693a;font-size:21px\"><em>La dinamica dei mercati globali<\/em><\/p>\n\n\n\n<p>L\u2019economia globale si basa su una rete complessa, in cui le catene di approvvigionamento internazionali e la trasformazione digitale svolgono ruoli decisivi. Le imprese operano all\u2019interno di quadri normativi, mentre la responsabilit\u00e0 sociale d\u2019impresa (Corporate Social Responsibility) assume un\u2019importanza sempre maggiore. La gestione aziendale si occupa dell\u2019orientamento strategico, della gestione del capitale umano e dell\u2019amministrazione delle risorse per raggiungere obiettivi a lungo termine. Un\u2019analisi di mercato strategica e precisa rappresenta uno strumento fondamentale per prendere decisioni basate sui dati.<\/p>\n<\/div>\n\n\n\n<div class=\"wp-block-column animated slideInRight slower is-layout-flow wp-block-column-is-layout-flow\">\n<p class=\"has-text-color has-link-color wp-elements-8dd4039863deb7b7f30a801e5de21c5d\" style=\"color:#c8693a;font-size:21px\"><em>Fattori chiave per il successo aziendale<\/em><\/p>\n\n\n\n<ul class=\"wp-block-list listage\">\n<li>Gestione efficiente della catena di approvvigionamento<\/li>\n\n\n\n<li>Strategie aziendali sostenibili ed etiche<\/li>\n\n\n\n<li>Adattamento agile alla digitalizzazione<\/li>\n\n\n\n<li>Conformit\u00e0 proattiva alle normative vigenti<\/li>\n\n\n\n<li>Pianificazione finanziaria solida e contabilit\u00e0 trasparente<\/li>\n\n\n\n<li>Ottimizzazione continua dei processi<\/li>\n\n\n\n<li>Sviluppo strategico del capitale umano<\/li>\n\n\n\n<li>Centralit\u00e0 del cliente e soddisfazione completa<\/li>\n<\/ul>\n<\/div>\n<\/div>\n\n\n\n<div style=\"height:80px\" aria-hidden=\"true\" class=\"wp-block-spacer\"><\/div>\n\n\n\n<div class=\"wp-block-group overflow-hidden has-background is-vertical is-content-justification-center is-layout-flex wp-container-core-group-is-layout-ce155fab wp-block-group-is-layout-flex\" style=\"background-color:#1f1917\">\n<div class=\"wp-block-group animated backInUp has-global-padding is-layout-constrained wp-block-group-is-layout-constrained\">\n<figure class=\"wp-block-image aligncenter size-full\"><img decoding=\"async\" src=\"https:\/\/www.nostravita.de\/wp-content\/uploads\/2025\/10\/nostravita-icon-.svg\" alt=\"\" class=\"wp-image-25210\"><\/figure>\n\n\n\n<h2 class=\"wp-block-heading has-text-align-center titreitalic has-base-2-color has-text-color has-link-color wp-elements-3510ee7f3f48b2a2a13a85329eb54ce9\" style=\"font-size:32px\">LA DIVERSIT\u00c0 DELLA CULTURA E DEL TEMPO LIBERO<\/h2>\n\n\n\n<p class=\"has-text-align-center has-text-color has-link-color wp-elements-33327bebed9619e033c9a687c829ea0d\" style=\"color:#c8693a;font-size:21px\"><em>Forme di espressione culturale<\/em><\/p>\n<\/div>\n\n\n\n<div style=\"height:0px\" aria-hidden=\"true\" class=\"wp-block-spacer wp-container-content-cf2db169\"><\/div>\n\n\n\n<div class=\"wp-block-columns container gap-2em animated backInUp slower is-layout-flex wp-container-core-columns-is-layout-28f84493 wp-block-columns-is-layout-flex\">\n<div class=\"wp-block-column is-layout-flow wp-container-core-column-is-layout-343acf9e wp-block-column-is-layout-flow\">\n<figure class=\"wp-block-image size-full\"><img loading=\"lazy\" decoding=\"async\" width=\"500\" height=\"339\" src=\"https:\/\/www.nostravita.de\/wp-content\/uploads\/2025\/10\/Darstellende-Kunste-und-ihre-Buhnen.webp\" alt=\"\" class=\"wp-image-25211\" srcset=\"https:\/\/www.nostravita.de\/wp-content\/uploads\/2025\/10\/Darstellende-Kunste-und-ihre-Buhnen.webp 500w, https:\/\/www.nostravita.de\/wp-content\/uploads\/2025\/10\/Darstellende-Kunste-und-ihre-Buhnen-300x203.webp 300w\" sizes=\"auto, (max-width: 500px) 100vw, 500px\"><\/figure>\n\n\n\n<h3 class=\"wp-block-heading has-text-align-center has-base-2-color has-text-color has-link-color wp-elements-bac83f72dc5558ac0ac5cd45beb6a0e7\" style=\"font-size:21px\">ARTI SCENICHE E I LORO PALCOSCENICI<\/h3>\n\n\n\n<p class=\"has-text-color has-link-color wp-elements-28f6aaa9cfecb94dd302fd4fe225e89d\" style=\"color:#e5dcdb\">Teatro, opera e danza, come pilastri centrali del patrimonio culturale, offrono una piattaforma per l\u2019espressione artistica e la riflessione sociale. Queste si svolgono in luoghi appositamente progettati, come la Sydney Opera House. Le rappresentazioni spaziano da interpretazioni classiche a opere moderne ed esperimentali, che aprono nuove prospettive e stimolano intellettualmente il pubblico.<\/p>\n<\/div>\n\n\n\n<div class=\"wp-block-column is-layout-flow wp-container-core-column-is-layout-343acf9e wp-block-column-is-layout-flow\">\n<figure class=\"wp-block-image size-full\"><img loading=\"lazy\" decoding=\"async\" width=\"500\" height=\"339\" src=\"https:\/\/www.nostravita.de\/wp-content\/uploads\/2025\/10\/Bildende-Kunst-in-Museen-und-Galerien.webp\" alt=\"\" class=\"wp-image-25212\" srcset=\"https:\/\/www.nostravita.de\/wp-content\/uploads\/2025\/10\/Bildende-Kunst-in-Museen-und-Galerien.webp 500w, https:\/\/www.nostravita.de\/wp-content\/uploads\/2025\/10\/Bildende-Kunst-in-Museen-und-Galerien-300x203.webp 300w\" sizes=\"auto, (max-width: 500px) 100vw, 500px\"><\/figure>\n\n\n\n<h3 class=\"wp-block-heading has-text-align-center has-base-2-color has-text-color has-link-color wp-elements-5491fee72d01d14b3160aadd08474926\" style=\"font-size:21px\">ARTI VISIVE NEI MUSEI E NELLE GALLERIE<\/h3>\n\n\n\n<p class=\"has-text-color has-link-color wp-elements-93dfc9ecd36c34ac690ef814b2564fc5\" style=\"color:#e5dcdb\">I musei preservano il patrimonio culturale dell\u2019umanit\u00e0 e offrono, attraverso esperienze immersive, un accesso che va dai reperti archeologici fino all\u2019arte contemporanea. Istituzioni come il Louvre di Parigi ospitano collezioni di inestimabile valore. Le gallerie, invece, si concentrano spesso sul mercato dell\u2019arte e promuovono artisti emergenti in modo mirato. Entrambi i luoghi fungono da centri di educazione artistica e dialogo interculturale.<\/p>\n<\/div>\n\n\n\n<div class=\"wp-block-column is-layout-flow wp-container-core-column-is-layout-343acf9e wp-block-column-is-layout-flow\">\n<figure class=\"wp-block-image size-full\"><img loading=\"lazy\" decoding=\"async\" width=\"500\" height=\"339\" src=\"https:\/\/www.nostravita.de\/wp-content\/uploads\/2025\/10\/Musik-als-universelle-Ausdruckssprache.webp\" alt=\"\" class=\"wp-image-25213\" srcset=\"https:\/\/www.nostravita.de\/wp-content\/uploads\/2025\/10\/Musik-als-universelle-Ausdruckssprache.webp 500w, https:\/\/www.nostravita.de\/wp-content\/uploads\/2025\/10\/Musik-als-universelle-Ausdruckssprache-300x203.webp 300w\" sizes=\"auto, (max-width: 500px) 100vw, 500px\"><\/figure>\n\n\n\n<h3 class=\"wp-block-heading has-text-align-center has-base-2-color has-text-color has-link-color wp-elements-f6ac586f54478313cfc31624b9d4d151\" style=\"font-size:21px\">LA MUSICA COME LINGUAGGIO UNIVERSALE<\/h3>\n\n\n\n<p class=\"has-text-color has-link-color wp-elements-e2437fb1ee16326f33878017699af751\" style=\"color:#e5dcdb\">Festival musicali e concerti riuniscono persone di diverse origini e creano esperienze comunitarie uniche. Lo spettro va dalla musica classica nelle sale da concerto fino ai grandi eventi open-air di rock ed elettronica. La variet\u00e0 musicale riflette la diversit\u00e0 culturale ed \u00e8 un fattore economico importante nel settore creativo.<\/p>\n<\/div>\n<\/div>\n\n\n\n<div style=\"height:0px\" aria-hidden=\"true\" class=\"wp-block-spacer wp-container-content-6388d5dc\"><\/div>\n<\/div>\n\n\n\n<div class=\"wp-block-group overflow-hidden has-background has-global-padding is-layout-constrained wp-block-group-is-layout-constrained\" style=\"background-color:#1f1917\">\n<figure class=\"wp-block-image aligncenter size-full\"><img decoding=\"async\" src=\"https:\/\/www.nostravita.de\/wp-content\/uploads\/2025\/10\/nostravita-icon-.svg\" alt=\"\" class=\"wp-image-25210\"><\/figure>\n\n\n\n<h2 class=\"wp-block-heading has-text-align-center titreitalic animated backInUp has-base-2-color has-text-color has-link-color wp-elements-0fe590ba253c84420820bf4616e849f6\" style=\"font-size:32px\">VIAGGIARE COME MEZZO PER AMPLIARE GLI ORIZZONTI<\/h2>\n\n\n\n<p class=\"has-text-align-center animated backInUp slow has-text-color has-link-color wp-elements-5c1cccac2b8ac1e22bbfe802801e0b32\" style=\"color:#c8693a;font-size:21px\"><em>L\u2019importanza della scoperta<\/em><\/p>\n\n\n\n<div style=\"height:30px\" aria-hidden=\"true\" class=\"wp-block-spacer\"><\/div>\n\n\n\n<p class=\"animated slideInUp slower has-text-color has-link-color wp-elements-c6125e1bfc92eebce1a7d179ad851d7f\" style=\"color:#e5dcdb\">Viaggiare permette esperienze autentiche con altre culture, stili di vita e contesti geografici. Il turismo culturale si concentra su siti storici e sul patrimonio immateriale, come quello che si pu\u00f2 vivere nei complessi templari di Angkor Wat. Il contatto con tradizioni diverse amplia la propria visione del mondo e approfondisce la comprensione interculturale.<\/p>\n\n\n\n<p class=\"animated slideInUp slower has-text-color has-link-color wp-elements-9392d4ae3a7d6f8a5dde4087e33b5b27\" style=\"color:#e5dcdb\">Al di fuori dei percorsi consolidati, il turismo sostenibile favorisce il contatto con la natura e la scoperta dei propri limiti. Attivit\u00e0 come il trekking nell\u2019Himalaya o l\u2019esplorazione dei parchi nazionali richiedono una pianificazione accurata e attrezzature adeguate. L\u2019ecoturismo acquista importanza poich\u00e9 mira a ridurre al minimo gli impatti ecologici e sociali del viaggio.<\/p>\n\n\n\n<div style=\"height:100px\" aria-hidden=\"true\" class=\"wp-block-spacer\"><\/div>\n<\/div>\n\n\n\n<div class=\"wp-block-cover bann\" style=\"min-height:70vw;aspect-ratio:unset;\"><img loading=\"lazy\" decoding=\"async\" width=\"1920\" height=\"1200\" class=\"wp-block-cover__image-background wp-image-25214 size-full\" alt=\"\" src=\"https:\/\/www.nostravita.de\/wp-content\/uploads\/2025\/10\/Stil-und-Eleganz.webp\" style=\"object-position:52% 0%\" data-object-fit=\"cover\" data-object-position=\"52% 0%\" srcset=\"https:\/\/www.nostravita.de\/wp-content\/uploads\/2025\/10\/Stil-und-Eleganz.webp 1920w, https:\/\/www.nostravita.de\/wp-content\/uploads\/2025\/10\/Stil-und-Eleganz-300x188.webp 300w, https:\/\/www.nostravita.de\/wp-content\/uploads\/2025\/10\/Stil-und-Eleganz-1024x640.webp 1024w, https:\/\/www.nostravita.de\/wp-content\/uploads\/2025\/10\/Stil-und-Eleganz-768x480.webp 768w, https:\/\/www.nostravita.de\/wp-content\/uploads\/2025\/10\/Stil-und-Eleganz-1536x960.webp 1536w\" sizes=\"auto, (max-width: 1920px) 100vw, 1920px\"><span aria-hidden=\"true\" class=\"wp-block-cover__background has-background-dim-0 has-background-dim\" style=\"background-color:#4b4645\"><\/span><div class=\"wp-block-cover__inner-container has-global-padding is-layout-constrained wp-block-cover-is-layout-constrained\">\n<div style=\"height:150px\" aria-hidden=\"true\" class=\"wp-block-spacer esp-slider\"><\/div>\n\n\n\n<p class=\"has-text-align-center petit-titre\" style=\"font-size:90px\">Stile ed eleganza<\/p>\n\n\n\n<h2 class=\"wp-block-heading has-text-align-center has-base-2-color has-text-color has-link-color wp-elements-6c99dfeb72b77dbe5984202263501a26\" style=\"font-size:60px\">Aspetti dello stile di vita e del benessere personale<\/h2>\n\n\n\n<div style=\"height:150px\" aria-hidden=\"true\" class=\"wp-block-spacer esp-slider\"><\/div>\n\n\n\n<div class=\"wp-block-group grp1 has-global-padding is-layout-constrained wp-container-core-group-is-layout-350817e6 wp-block-group-is-layout-constrained has-background\" style=\"padding-top:80px;padding-right:80px;padding-bottom:80px;padding-left:80px;background-image:url('https:\/\/www.nostravita.de\/wp-content\/uploads\/2020\/01\/h2-bckgr-img-1.jpg');background-size:cover;\">\n<h2 class=\"wp-block-heading has-text-align-center has-text-color has-link-color wp-elements-630bade03eb756b6fb3d28e7839e2ad8\" style=\"color:#2b2824;font-size:40px\">L\u2019EQUILIBRIO TRA CORPO E MENTE<\/h2>\n\n\n\n<p class=\"has-text-align-center has-text-color has-link-color wp-elements-996612c9eaa5c86741edecedf069fee3\" style=\"color:#c8693a;font-size:21px\"><em>Strategie per la promozione della salute<\/em><\/p>\n\n\n\n<p class=\"has-text-align-center has-text-color has-link-color wp-elements-036e25b5e7a4e9599e62429203cd2c66\" style=\"color:#817c7b\">Uno stile di vita olistico comprende alimentazione, attivit\u00e0 fisica ed equilibrio mentale. Un\u2019alimentazione equilibrata fornisce al corpo i nutrienti necessari, mentre l\u2019attivit\u00e0 fisica regolare rafforza il sistema cardiovascolare. Concetti come l\u2019integrazione tra vita lavorativa e privata mirano a creare un rapporto sinergico tra le esigenze professionali e i bisogni personali. La progettazione della propria abitazione come rifugio personale, attraverso un\u2019abitazione consapevole e il design degli interni, supporta questo processo di riduzione dello stress.<\/p>\n<\/div>\n<\/div><\/div>\n\n\n\n<div style=\"height:20px\" aria-hidden=\"true\" class=\"wp-block-spacer esp-slider\"><\/div>\n\n\n\n<div class=\"wp-block-columns container gap-2em overflow-hidden has-background is-layout-flex wp-container-core-columns-is-layout-28f84493 wp-block-columns-is-layout-flex\" style=\"background-color:#1f1917\">\n<div class=\"wp-block-column is-vertically-aligned-top animated slideInLeft is-layout-flow wp-block-column-is-layout-flow\">\n<h2 class=\"wp-block-heading has-base-2-color has-text-color has-link-color wp-elements-973bdc05e916deba533f30320d81f28f\" style=\"font-size:40px\">TECNOLOGIA COME MOTORE DELL\u2019INNOVAZIONE<\/h2>\n<\/div>\n\n\n\n<div class=\"wp-block-column is-vertically-aligned-top is-layout-flow wp-block-column-is-layout-flow\">\n<p class=\"animated slideInRight has-text-color has-link-color wp-elements-0ae83edc783152c1def7fab91fcb6e2a\" style=\"color:#e5dcdb\">La digitalizzazione in continua evoluzione cambia radicalmente il modo in cui le informazioni vengono elaborate, comunicate e utilizzate. L\u2019intelligenza artificiale (IA) e il machine learning permettono l\u2019automazione e l\u2019ottimizzazione di processi complessi nei settori industriale e dei servizi. Tecnologie innovative per la propulsione e la guida autonoma stanno rivoluzionando la mobilit\u00e0, mentre l\u2019Internet delle cose (IoT) connette i veicoli e aumenta la sicurezza stradale.<\/p>\n<\/div>\n<\/div>\n\n\n\n<div style=\"height:20px\" aria-hidden=\"true\" class=\"wp-block-spacer esp-slider\"><\/div>\n\n\n\n<div class=\"wp-block-columns container is-layout-flex wp-container-core-columns-is-layout-28f84493 wp-block-columns-is-layout-flex\">\n<div class=\"wp-block-column is-vertically-aligned-stretch overflow-hidden animated slideInLeft is-layout-flow wp-block-column-is-layout-flow\" style=\"flex-basis:50%\">\n<div class=\"wp-block-cover is-light anim-box\" style=\"min-height:540px;aspect-ratio:unset;\"><img loading=\"lazy\" decoding=\"async\" width=\"800\" height=\"800\" class=\"wp-block-cover__image-background wp-image-25215 size-full\" alt=\"\" src=\"https:\/\/www.nostravita.de\/wp-content\/uploads\/2025\/10\/Innovationen-.webp\" data-object-fit=\"cover\" srcset=\"https:\/\/www.nostravita.de\/wp-content\/uploads\/2025\/10\/Innovationen-.webp 800w, https:\/\/www.nostravita.de\/wp-content\/uploads\/2025\/10\/Innovationen--300x300.webp 300w, https:\/\/www.nostravita.de\/wp-content\/uploads\/2025\/10\/Innovationen--150x150.webp 150w, https:\/\/www.nostravita.de\/wp-content\/uploads\/2025\/10\/Innovationen--768x768.webp 768w\" sizes=\"auto, (max-width: 800px) 100vw, 800px\"><span aria-hidden=\"true\" class=\"wp-block-cover__background has-background-dim-0 has-background-dim\" style=\"background-color:#8799ae\"><\/span><div class=\"wp-block-cover__inner-container is-layout-flow wp-block-cover-is-layout-flow\">\n<p class=\"has-text-align-center has-large-font-size\"><\/p>\n<\/div><\/div>\n<\/div>\n\n\n\n<div class=\"wp-block-column is-vertically-aligned-stretch animated slideInUp is-layout-flow wp-block-column-is-layout-flow\" style=\"flex-basis:25%\">\n<div class=\"wp-block-cover anim-box\" style=\"min-height:540px;aspect-ratio:unset;\"><img loading=\"lazy\" decoding=\"async\" width=\"382\" height=\"800\" class=\"wp-block-cover__image-background wp-image-25217 size-full\" alt=\"\" src=\"https:\/\/www.nostravita.de\/wp-content\/uploads\/2025\/10\/Technologie-als-Motor.webp\" data-object-fit=\"cover\" srcset=\"https:\/\/www.nostravita.de\/wp-content\/uploads\/2025\/10\/Technologie-als-Motor.webp 382w, https:\/\/www.nostravita.de\/wp-content\/uploads\/2025\/10\/Technologie-als-Motor-143x300.webp 143w\" sizes=\"auto, (max-width: 382px) 100vw, 382px\"><span aria-hidden=\"true\" class=\"wp-block-cover__background has-background-dim-0 has-background-dim\" style=\"background-color:#418cac\"><\/span><div class=\"wp-block-cover__inner-container is-layout-flow wp-block-cover-is-layout-flow\">\n<p class=\"has-text-align-center has-large-font-size\"><\/p>\n<\/div><\/div>\n<\/div>\n\n\n\n<div class=\"wp-block-column is-vertically-aligned-stretch animated slideInRight is-layout-flow wp-block-column-is-layout-flow\" style=\"flex-basis:25%\">\n<div class=\"wp-block-cover is-light anim-box\" style=\"min-height:260px;aspect-ratio:unset;\"><img loading=\"lazy\" decoding=\"async\" width=\"400\" height=\"400\" class=\"wp-block-cover__image-background wp-image-25218 size-full\" alt=\"\" src=\"https:\/\/www.nostravita.de\/wp-content\/uploads\/2025\/10\/als-Motor-fur-Innovationen-.webp\" data-object-fit=\"cover\" srcset=\"https:\/\/www.nostravita.de\/wp-content\/uploads\/2025\/10\/als-Motor-fur-Innovationen-.webp 400w, https:\/\/www.nostravita.de\/wp-content\/uploads\/2025\/10\/als-Motor-fur-Innovationen--300x300.webp 300w, https:\/\/www.nostravita.de\/wp-content\/uploads\/2025\/10\/als-Motor-fur-Innovationen--150x150.webp 150w\" sizes=\"auto, (max-width: 400px) 100vw, 400px\"><span aria-hidden=\"true\" class=\"wp-block-cover__background has-background-dim-0 has-background-dim\" style=\"background-color:#8999aa\"><\/span><div class=\"wp-block-cover__inner-container is-layout-flow wp-block-cover-is-layout-flow\">\n<p class=\"has-text-align-center has-large-font-size\"><\/p>\n<\/div><\/div>\n\n\n\n<div class=\"wp-block-cover anim-box\" style=\"min-height:260px;aspect-ratio:unset;\"><img loading=\"lazy\" decoding=\"async\" width=\"400\" height=\"400\" class=\"wp-block-cover__image-background wp-image-25216 size-full\" alt=\"\" src=\"https:\/\/www.nostravita.de\/wp-content\/uploads\/2025\/10\/Technologie-als-Motor-fur-Innovationen-.webp\" data-object-fit=\"cover\" srcset=\"https:\/\/www.nostravita.de\/wp-content\/uploads\/2025\/10\/Technologie-als-Motor-fur-Innovationen-.webp 400w, https:\/\/www.nostravita.de\/wp-content\/uploads\/2025\/10\/Technologie-als-Motor-fur-Innovationen--300x300.webp 300w, https:\/\/www.nostravita.de\/wp-content\/uploads\/2025\/10\/Technologie-als-Motor-fur-Innovationen--150x150.webp 150w\" sizes=\"auto, (max-width: 400px) 100vw, 400px\"><span aria-hidden=\"true\" class=\"wp-block-cover__background has-background-dim-0 has-background-dim\" style=\"background-color:#456070\"><\/span><div class=\"wp-block-cover__inner-container is-layout-flow wp-block-cover-is-layout-flow\">\n<p class=\"has-text-align-center has-large-font-size\"><\/p>\n<\/div><\/div>\n<\/div>\n<\/div>\n\n\n\n<div style=\"height:100px\" aria-hidden=\"true\" class=\"wp-block-spacer esp-slider\"><\/div>\n","protected":false},"excerpt":{"rendered":"<p>FONDAMENTI DI ECONOMIA E IMPRESE La dinamica dei mercati globali L\u2019economia globale si basa su una rete complessa, in cui le catene di approvvigionamento internazionali e la trasformazione digitale svolgono ruoli decisivi. Le imprese operano all\u2019interno di quadri normativi, mentre&#8230;<\/p>\n","protected":false},"author":2,"featured_media":0,"parent":0,"menu_order":0,"comment_status":"closed","ping_status":"closed","template":"","meta":{"footnotes":""},"class_list":["post-25771","page","type-page","status-publish","hentry"],"_links":{"self":[{"href":"https:\/\/www.nostravita.de\/it\/wp-json\/wp\/v2\/pages\/25771","targetHints":{"allow":["GET"]}}],"collection":[{"href":"https:\/\/www.nostravita.de\/it\/wp-json\/wp\/v2\/pages"}],"about":[{"href":"https:\/\/www.nostravita.de\/it\/wp-json\/wp\/v2\/types\/page"}],"author":[{"embeddable":true,"href":"https:\/\/www.nostravita.de\/it\/wp-json\/wp\/v2\/users\/2"}],"replies":[{"embeddable":true,"href":"https:\/\/www.nostravita.de\/it\/wp-json\/wp\/v2\/comments?post=25771"}],"version-history":[{"count":4,"href":"https:\/\/www.nostravita.de\/it\/wp-json\/wp\/v2\/pages\/25771\/revisions"}],"predecessor-version":[{"id":25973,"href":"https:\/\/www.nostravita.de\/it\/wp-json\/wp\/v2\/pages\/25771\/revisions\/25973"}],"wp:attachment":[{"href":"https:\/\/www.nostravita.de\/it\/wp-json\/wp\/v2\/media?parent=25771"}],"curies":[{"name":"wp","href":"https:\/\/api.w.org\/{rel}","templated":true}]}}